{"id":904,"date":"2025-06-17T20:40:41","date_gmt":"2025-06-17T20:40:41","guid":{"rendered":"https:\/\/diagnosticospasteur.com.br\/?page_id=904"},"modified":"2025-06-18T19:50:42","modified_gmt":"2025-06-18T19:50:42","slug":"teste-de-paternidade","status":"publish","type":"page","link":"https:\/\/diagnosticospasteur.com.br\/?page_id=904","title":{"rendered":"Teste de Paternidade"},"content":{"rendered":"\t\t<div data-elementor-type=\"wp-page\" data-elementor-id=\"904\" class=\"elementor elementor-904\" data-elementor-settings=\"{&quot;ha_cmc_init_switcher&quot;:&quot;no&quot;}\" data-elementor-post-type=\"page\">\n\t\t\t\t<div class=\"elementor-element elementor-element-69efd941 e-flex e-con-boxed e-con e-parent\" data-id=\"69efd941\" data-element_type=\"container\" data-e-type=\"container\" data-settings=\"{&quot;background_background&quot;:&quot;classic&quot;,&quot;_ha_eqh_enable&quot;:false}\">\n\t\t\t\t\t<div class=\"e-con-inner\">\n\t\t<div class=\"elementor-element elementor-element-539b05d7 e-con-full e-flex e-con e-child\" data-id=\"539b05d7\" data-element_type=\"container\" data-e-type=\"container\" data-settings=\"{&quot;_ha_eqh_enable&quot;:false}\">\n\t\t\t\t<div class=\"elementor-element elementor-element-3bad8dd2 elementor-invisible elementor-widget elementor-widget-heading\" data-id=\"3bad8dd2\" data-element_type=\"widget\" data-e-type=\"widget\" data-settings=\"{&quot;_animation&quot;:&quot;fadeInUp&quot;,&quot;_animation_delay&quot;:200}\" data-widget_type=\"heading.default\">\n\t\t\t\t<div class=\"elementor-widget-container\">\n\t\t\t\t\t<h1 class=\"elementor-heading-title elementor-size-default\">Teste de Paternidade:<\/h1>\t\t\t\t<\/div>\n\t\t\t\t<\/div>\n\t\t\t\t<\/div>\n\t\t\t\t\t<\/div>\n\t\t\t\t<\/div>\n\t\t<div class=\"elementor-element elementor-element-21409a8e e-flex e-con-boxed e-con e-parent\" data-id=\"21409a8e\" data-element_type=\"container\" data-e-type=\"container\" data-settings=\"{&quot;background_background&quot;:&quot;classic&quot;,&quot;_ha_eqh_enable&quot;:false}\">\n\t\t\t\t\t<div class=\"e-con-inner\">\n\t\t<div class=\"elementor-element elementor-element-3acb3dea e-con-full e-flex e-con e-child\" data-id=\"3acb3dea\" data-element_type=\"container\" data-e-type=\"container\" data-settings=\"{&quot;_ha_eqh_enable&quot;:false}\">\n\t\t\t\t<div class=\"elementor-element elementor-element-4464396 elementor-invisible elementor-widget elementor-widget-image\" data-id=\"4464396\" data-element_type=\"widget\" data-e-type=\"widget\" data-settings=\"{&quot;_animation&quot;:&quot;fadeInLeft&quot;,&quot;_animation_delay&quot;:200}\" data-widget_type=\"image.default\">\n\t\t\t\t<div class=\"elementor-widget-container\">\n\t\t\t\t\t\t\t\t\t\t\t\t\t\t\t<img fetchpriority=\"high\" decoding=\"async\" width=\"1000\" height=\"648\" src=\"https:\/\/diagnosticospasteur.com.br\/wp-content\/uploads\/2025\/06\/AnyConv.com__scientist-man-working-laboratoryhj.webp\" class=\"attachment-full size-full wp-image-929\" alt=\"\" srcset=\"https:\/\/diagnosticospasteur.com.br\/wp-content\/uploads\/2025\/06\/AnyConv.com__scientist-man-working-laboratoryhj.webp 1000w, https:\/\/diagnosticospasteur.com.br\/wp-content\/uploads\/2025\/06\/AnyConv.com__scientist-man-working-laboratoryhj-300x194.webp 300w, https:\/\/diagnosticospasteur.com.br\/wp-content\/uploads\/2025\/06\/AnyConv.com__scientist-man-working-laboratoryhj-768x498.webp 768w\" sizes=\"(max-width: 1000px) 100vw, 1000px\" \/>\t\t\t\t\t\t\t\t\t\t\t\t\t\t\t<\/div>\n\t\t\t\t<\/div>\n\t\t\t\t<div class=\"elementor-element elementor-element-2826bba4 elementor-widget__width-initial elementor-absolute elementor-invisible elementor-widget elementor-widget-image\" data-id=\"2826bba4\" data-element_type=\"widget\" data-e-type=\"widget\" data-settings=\"{&quot;_position&quot;:&quot;absolute&quot;,&quot;_animation&quot;:&quot;fadeInUp&quot;}\" data-widget_type=\"image.default\">\n\t\t\t\t<div class=\"elementor-widget-container\">\n\t\t\t\t\t\t\t\t\t\t\t\t\t\t\t<img decoding=\"async\" width=\"800\" height=\"575\" src=\"https:\/\/diagnosticospasteur.com.br\/wp-content\/uploads\/2025\/06\/AnyConv.com__420sd.webp\" class=\"attachment-full size-full wp-image-281\" alt=\"\" srcset=\"https:\/\/diagnosticospasteur.com.br\/wp-content\/uploads\/2025\/06\/AnyConv.com__420sd.webp 800w, https:\/\/diagnosticospasteur.com.br\/wp-content\/uploads\/2025\/06\/AnyConv.com__420sd-300x216.webp 300w, https:\/\/diagnosticospasteur.com.br\/wp-content\/uploads\/2025\/06\/AnyConv.com__420sd-768x552.webp 768w\" sizes=\"(max-width: 800px) 100vw, 800px\" \/>\t\t\t\t\t\t\t\t\t\t\t\t\t\t\t<\/div>\n\t\t\t\t<\/div>\n\t\t\t\t<\/div>\n\t\t<div class=\"elementor-element elementor-element-2425c680 e-con-full e-flex elementor-invisible e-con e-child\" data-id=\"2425c680\" data-element_type=\"container\" data-e-type=\"container\" data-settings=\"{&quot;animation&quot;:&quot;fadeInRight&quot;,&quot;_ha_eqh_enable&quot;:false}\">\n\t\t\t\t<div class=\"elementor-element elementor-element-3114e488 elementor-widget elementor-widget-heading\" data-id=\"3114e488\" data-element_type=\"widget\" data-e-type=\"widget\" data-widget_type=\"heading.default\">\n\t\t\t\t<div class=\"elementor-widget-container\">\n\t\t\t\t\t<h2 class=\"elementor-heading-title elementor-size-default\">Teste de DNA<\/h2>\t\t\t\t<\/div>\n\t\t\t\t<\/div>\n\t\t\t\t<div class=\"elementor-element elementor-element-d959380 elementor-widget__width-initial elementor-widget elementor-widget-heading\" data-id=\"d959380\" data-element_type=\"widget\" data-e-type=\"widget\" data-widget_type=\"heading.default\">\n\t\t\t\t<div class=\"elementor-widget-container\">\n\t\t\t\t\t<div class=\"elementor-heading-title elementor-size-default\">O Teste de Paternidade \u00e9 o meio mais seguro quando se deseja confirma\u00e7\u00e3o de uma paternidade e\/ou maternidade duvidosa. O teste baseia-se na compara\u00e7\u00e3o do DNA nas regi\u00f5es chamadas polim\u00f3rficas, que entre pais e filhos encontram-se semelhan\u00e7as.\n<\/div>\t\t\t\t<\/div>\n\t\t\t\t<\/div>\n\t\t<div class=\"elementor-element elementor-element-7aac79ea e-grid e-con-full e-con e-child\" data-id=\"7aac79ea\" data-element_type=\"container\" data-e-type=\"container\" data-settings=\"{&quot;_ha_eqh_enable&quot;:false}\">\n\t\t\t\t<div class=\"elementor-element elementor-element-1ac2aa85 elementor-mobile-align-justify elementor-widget-mobile__width-initial elementor-align-justify elementor-widget__width-initial elementor-widget elementor-widget-button\" data-id=\"1ac2aa85\" data-element_type=\"widget\" data-e-type=\"widget\" data-widget_type=\"button.default\">\n\t\t\t\t<div class=\"elementor-widget-container\">\n\t\t\t\t\t\t\t\t\t<div class=\"elementor-button-wrapper\">\n\t\t\t\t\t<a class=\"elementor-button elementor-button-link elementor-size-sm\" href=\"https:\/\/wa.me\/5511920634046?text=Ol%C3%A1%2C%20gostaria%20de%20mais%20informa%C3%A7%C3%B5es.\">\n\t\t\t\t\t\t<span class=\"elementor-button-content-wrapper\">\n\t\t\t\t\t\t<span class=\"elementor-button-icon\">\n\t\t\t\t<svg aria-hidden=\"true\" class=\"e-font-icon-svg e-fab-whatsapp\" viewBox=\"0 0 448 512\" xmlns=\"http:\/\/www.w3.org\/2000\/svg\"><path d=\"M380.9 97.1C339 55.1 283.2 32 223.9 32c-122.4 0-222 99.6-222 222 0 39.1 10.2 77.3 29.6 111L0 480l117.7-30.9c32.4 17.7 68.9 27 106.1 27h.1c122.3 0 224.1-99.6 224.1-222 0-59.3-25.2-115-67.1-157zm-157 341.6c-33.2 0-65.7-8.9-94-25.7l-6.7-4-69.8 18.3L72 359.2l-4.4-7c-18.5-29.4-28.2-63.3-28.2-98.2 0-101.7 82.8-184.5 184.6-184.5 49.3 0 95.6 19.2 130.4 54.1 34.8 34.9 56.2 81.2 56.1 130.5 0 101.8-84.9 184.6-186.6 184.6zm101.2-138.2c-5.5-2.8-32.8-16.2-37.9-18-5.1-1.9-8.8-2.8-12.5 2.8-3.7 5.6-14.3 18-17.6 21.8-3.2 3.7-6.5 4.2-12 1.4-32.6-16.3-54-29.1-75.5-66-5.7-9.8 5.7-9.1 16.3-30.3 1.8-3.7.9-6.9-.5-9.7-1.4-2.8-12.5-30.1-17.1-41.2-4.5-10.8-9.1-9.3-12.5-9.5-3.2-.2-6.9-.2-10.6-.2-3.7 0-9.7 1.4-14.8 6.9-5.1 5.6-19.4 19-19.4 46.3 0 27.3 19.9 53.7 22.6 57.4 2.8 3.7 39.1 59.7 94.8 83.8 35.2 15.2 49 16.5 66.6 13.9 10.7-1.6 32.8-13.4 37.4-26.4 4.6-13 4.6-24.1 3.2-26.4-1.3-2.5-5-3.9-10.5-6.6z\"><\/path><\/svg>\t\t\t<\/span>\n\t\t\t\t\t\t\t\t\t<span class=\"elementor-button-text\">WhatsApp<\/span>\n\t\t\t\t\t<\/span>\n\t\t\t\t\t<\/a>\n\t\t\t\t<\/div>\n\t\t\t\t\t\t\t\t<\/div>\n\t\t\t\t<\/div>\n\t\t\t\t<\/div>\n\t\t\t\t<\/div>\n\t\t\t\t\t<\/div>\n\t\t\t\t<\/div>\n\t\t<div class=\"elementor-element elementor-element-f54b3d1 e-flex e-con-boxed e-con e-parent\" data-id=\"f54b3d1\" data-element_type=\"container\" data-e-type=\"container\" data-settings=\"{&quot;_ha_eqh_enable&quot;:false}\">\n\t\t\t\t\t<div class=\"e-con-inner\">\n\t\t\t\t<div class=\"elementor-element elementor-element-0bfccc8 elementor-invisible elementor-widget elementor-widget-elementskit-accordion\" data-id=\"0bfccc8\" data-element_type=\"widget\" data-e-type=\"widget\" data-settings=\"{&quot;_animation&quot;:&quot;fadeIn&quot;,&quot;_animation_delay&quot;:200}\" data-widget_type=\"elementskit-accordion.default\">\n\t\t\t\t<div class=\"elementor-widget-container\">\n\t\t\t\t\t<div class=\"ekit-wid-con\" >\n        <div class=\"elementskit-accordion accoedion-primary\" id=\"accordion-69fb0dab1cd5a\">\n\n            \n                <div class=\"elementskit-card active\">\n                    <div class=\"elementskit-card-header\" id=\"primaryHeading-0-0bfccc8\">\n                        <a href=\"#collapse-1a8861469fb0dab1cd5a\" class=\"ekit-accordion--toggler elementskit-btn-link collapsed\" data-ekit-toggle=\"collapse\" data-target=\"#Collapse-1a8861469fb0dab1cd5a\" aria-expanded=\"true\" aria-controls=\"Collapse-1a8861469fb0dab1cd5a\">\n                            \n                            <span class=\"ekit-accordion-title\">Tem idade certa para realizar?<\/span>\n\n                            \n                                <div class=\"ekit_accordion_icon_group\">\n                                    <div class=\"ekit_accordion_normal_icon\">\n                                        <!-- Normal Icon -->\n\t\t\t\t\t\t\t\t\t\t<i class=\"icons icon-arrow-down\"><\/i>                                    <\/div>\n\n                                    <div class=\"ekit_accordion_active_icon\">\n                                        <!-- Active Icon -->\n\t\t\t\t\t\t\t\t\t\t<i class=\"icons icon-arrow-up\"><\/i>                                    <\/div>\n                                <\/div>\n\n                            \n                                                    <\/a>\n                    <\/div>\n\n                    <div id=\"Collapse-1a8861469fb0dab1cd5a\" class=\" show collapse\" aria-labelledby=\"primaryHeading-0-0bfccc8\" data-parent=\"#accordion-69fb0dab1cd5a\">\n\n                        <div class=\"elementskit-card-body ekit-accordion--content\">\n                            Para realizar o exame n\u00e3o existe limite de idade, o processo pode ser feito a partir do primeiro dia de vida.                        <\/div>\n\n                    <\/div>\n\n                <\/div><!-- .elementskit-card END -->\n\n                \n                <div class=\"elementskit-card active\">\n                    <div class=\"elementskit-card-header\" id=\"primaryHeading-1-0bfccc8\">\n                        <a href=\"#collapse-4faff9969fb0dab1cd5a\" class=\"ekit-accordion--toggler elementskit-btn-link collapsed\" data-ekit-toggle=\"collapse\" data-target=\"#Collapse-4faff9969fb0dab1cd5a\" aria-expanded=\"true\" aria-controls=\"Collapse-4faff9969fb0dab1cd5a\">\n                            \n                            <span class=\"ekit-accordion-title\">Necessita de Preparo?<\/span>\n\n                            \n                                <div class=\"ekit_accordion_icon_group\">\n                                    <div class=\"ekit_accordion_normal_icon\">\n                                        <!-- Normal Icon -->\n\t\t\t\t\t\t\t\t\t\t<i class=\"icons icon-arrow-down\"><\/i>                                    <\/div>\n\n                                    <div class=\"ekit_accordion_active_icon\">\n                                        <!-- Active Icon -->\n\t\t\t\t\t\t\t\t\t\t<i class=\"icons icon-arrow-up\"><\/i>                                    <\/div>\n                                <\/div>\n\n                            \n                                                    <\/a>\n                    <\/div>\n\n                    <div id=\"Collapse-4faff9969fb0dab1cd5a\" class=\" show collapse\" aria-labelledby=\"primaryHeading-1-0bfccc8\" data-parent=\"#accordion-69fb0dab1cd5a\">\n\n                        <div class=\"elementskit-card-body ekit-accordion--content\">\n                            N\u00e3o. N\u00e3o necessita de jejum e nenhum outro preparo.                        <\/div>\n\n                    <\/div>\n\n                <\/div><!-- .elementskit-card END -->\n\n                \n                <div class=\"elementskit-card active\">\n                    <div class=\"elementskit-card-header\" id=\"primaryHeading-2-0bfccc8\">\n                        <a href=\"#collapse-4508a0c69fb0dab1cd5a\" class=\"ekit-accordion--toggler elementskit-btn-link collapsed\" data-ekit-toggle=\"collapse\" data-target=\"#Collapse-4508a0c69fb0dab1cd5a\" aria-expanded=\"true\" aria-controls=\"Collapse-4508a0c69fb0dab1cd5a\">\n                            \n                            <span class=\"ekit-accordion-title\">Qual \u00e9 o processo para coleta?<\/span>\n\n                            \n                                <div class=\"ekit_accordion_icon_group\">\n                                    <div class=\"ekit_accordion_normal_icon\">\n                                        <!-- Normal Icon -->\n\t\t\t\t\t\t\t\t\t\t<i class=\"icons icon-arrow-down\"><\/i>                                    <\/div>\n\n                                    <div class=\"ekit_accordion_active_icon\">\n                                        <!-- Active Icon -->\n\t\t\t\t\t\t\t\t\t\t<i class=\"icons icon-arrow-up\"><\/i>                                    <\/div>\n                                <\/div>\n\n                            \n                                                    <\/a>\n                    <\/div>\n\n                    <div id=\"Collapse-4508a0c69fb0dab1cd5a\" class=\" show collapse\" aria-labelledby=\"primaryHeading-2-0bfccc8\" data-parent=\"#accordion-69fb0dab1cd5a\">\n\n                        <div class=\"elementskit-card-body ekit-accordion--content\">\n                            O processo da coleta \u00e9 simples, n\u00e3o necessita de pun\u00e7\u00e3o venosa, apenas algumas gotinhas de sangue s\u00e3o usadas.\nO local da coleta varia dependendo da idade; em crian\u00e7as de at\u00e9 1 ano de vida a coleta de \u00e9 parecida com o teste do pezinho, \u00e9 feito uma pun\u00e7\u00e3o no calcanhar. Acima de 1 ano de idade at\u00e9 a fase adulta a pun\u00e7\u00e3o \u00e9 digital (feita em um dos dedos da m\u00e3o).\n                        <\/div>\n\n                    <\/div>\n\n                <\/div><!-- .elementskit-card END -->\n\n                \n                <div class=\"elementskit-card active\">\n                    <div class=\"elementskit-card-header\" id=\"primaryHeading-3-0bfccc8\">\n                        <a href=\"#collapse-8dbc76269fb0dab1cd5a\" class=\"ekit-accordion--toggler elementskit-btn-link collapsed\" data-ekit-toggle=\"collapse\" data-target=\"#Collapse-8dbc76269fb0dab1cd5a\" aria-expanded=\"true\" aria-controls=\"Collapse-8dbc76269fb0dab1cd5a\">\n                            \n                            <span class=\"ekit-accordion-title\">\u00c9 necess\u00e1rio agendar?<\/span>\n\n                            \n                                <div class=\"ekit_accordion_icon_group\">\n                                    <div class=\"ekit_accordion_normal_icon\">\n                                        <!-- Normal Icon -->\n\t\t\t\t\t\t\t\t\t\t<i class=\"icons icon-arrow-down\"><\/i>                                    <\/div>\n\n                                    <div class=\"ekit_accordion_active_icon\">\n                                        <!-- Active Icon -->\n\t\t\t\t\t\t\t\t\t\t<i class=\"icons icon-arrow-up\"><\/i>                                    <\/div>\n                                <\/div>\n\n                            \n                                                    <\/a>\n                    <\/div>\n\n                    <div id=\"Collapse-8dbc76269fb0dab1cd5a\" class=\" show collapse\" aria-labelledby=\"primaryHeading-3-0bfccc8\" data-parent=\"#accordion-69fb0dab1cd5a\">\n\n                        <div class=\"elementskit-card-body ekit-accordion--content\">\n                            N\u00e3o. S\u00f3 para casos onde o paciente queira um atendimento exclusivo.                        <\/div>\n\n                    <\/div>\n\n                <\/div><!-- .elementskit-card END -->\n\n                \n                <div class=\"elementskit-card active\">\n                    <div class=\"elementskit-card-header\" id=\"primaryHeading-4-0bfccc8\">\n                        <a href=\"#collapse-ff8edf669fb0dab1cd5a\" class=\"ekit-accordion--toggler elementskit-btn-link collapsed\" data-ekit-toggle=\"collapse\" data-target=\"#Collapse-ff8edf669fb0dab1cd5a\" aria-expanded=\"true\" aria-controls=\"Collapse-ff8edf669fb0dab1cd5a\">\n                            \n                            <span class=\"ekit-accordion-title\">Quem deve estar presente?<\/span>\n\n                            \n                                <div class=\"ekit_accordion_icon_group\">\n                                    <div class=\"ekit_accordion_normal_icon\">\n                                        <!-- Normal Icon -->\n\t\t\t\t\t\t\t\t\t\t<i class=\"icons icon-arrow-down\"><\/i>                                    <\/div>\n\n                                    <div class=\"ekit_accordion_active_icon\">\n                                        <!-- Active Icon -->\n\t\t\t\t\t\t\t\t\t\t<i class=\"icons icon-arrow-up\"><\/i>                                    <\/div>\n                                <\/div>\n\n                            \n                                                    <\/a>\n                    <\/div>\n\n                    <div id=\"Collapse-ff8edf669fb0dab1cd5a\" class=\" show collapse\" aria-labelledby=\"primaryHeading-4-0bfccc8\" data-parent=\"#accordion-69fb0dab1cd5a\">\n\n                        <div class=\"elementskit-card-body ekit-accordion--content\">\n                            Devem estar presente o suposto pai (ou suposta m\u00e3e) e o pretenso filho.                        <\/div>\n\n                    <\/div>\n\n                <\/div><!-- .elementskit-card END -->\n\n                \n                <div class=\"elementskit-card active\">\n                    <div class=\"elementskit-card-header\" id=\"primaryHeading-5-0bfccc8\">\n                        <a href=\"#collapse-b3752f969fb0dab1cd5a\" class=\"ekit-accordion--toggler elementskit-btn-link collapsed\" data-ekit-toggle=\"collapse\" data-target=\"#Collapse-b3752f969fb0dab1cd5a\" aria-expanded=\"true\" aria-controls=\"Collapse-b3752f969fb0dab1cd5a\">\n                            \n                            <span class=\"ekit-accordion-title\">Precisa de autoriza\u00e7\u00e3o?<\/span>\n\n                            \n                                <div class=\"ekit_accordion_icon_group\">\n                                    <div class=\"ekit_accordion_normal_icon\">\n                                        <!-- Normal Icon -->\n\t\t\t\t\t\t\t\t\t\t<i class=\"icons icon-arrow-down\"><\/i>                                    <\/div>\n\n                                    <div class=\"ekit_accordion_active_icon\">\n                                        <!-- Active Icon -->\n\t\t\t\t\t\t\t\t\t\t<i class=\"icons icon-arrow-up\"><\/i>                                    <\/div>\n                                <\/div>\n\n                            \n                                                    <\/a>\n                    <\/div>\n\n                    <div id=\"Collapse-b3752f969fb0dab1cd5a\" class=\" show collapse\" aria-labelledby=\"primaryHeading-5-0bfccc8\" data-parent=\"#accordion-69fb0dab1cd5a\">\n\n                        <div class=\"elementskit-card-body ekit-accordion--content\">\n                            Para crian\u00e7as menores de 18 anos \u00e9 preciso a autoriza\u00e7\u00e3o da m\u00e3e ou autoriza\u00e7\u00e3o do respons\u00e1vel legal pela crian\u00e7a.\nOs adultos dever\u00e3o comparecer com documentos originais com foto e as crian\u00e7as com certid\u00e3o de nascimento, sem este \u00e9 necess\u00e1ria uma certid\u00e3o de nascido vivo.\n                        <\/div>\n\n                    <\/div>\n\n                <\/div><!-- .elementskit-card END -->\n\n                \n                <div class=\"elementskit-card active\">\n                    <div class=\"elementskit-card-header\" id=\"primaryHeading-6-0bfccc8\">\n                        <a href=\"#collapse-b74f43b69fb0dab1cd5a\" class=\"ekit-accordion--toggler elementskit-btn-link collapsed\" data-ekit-toggle=\"collapse\" data-target=\"#Collapse-b74f43b69fb0dab1cd5a\" aria-expanded=\"true\" aria-controls=\"Collapse-b74f43b69fb0dab1cd5a\">\n                            \n                            <span class=\"ekit-accordion-title\">O exame \u00e9 confi\u00e1vel?<\/span>\n\n                            \n                                <div class=\"ekit_accordion_icon_group\">\n                                    <div class=\"ekit_accordion_normal_icon\">\n                                        <!-- Normal Icon -->\n\t\t\t\t\t\t\t\t\t\t<i class=\"icons icon-arrow-down\"><\/i>                                    <\/div>\n\n                                    <div class=\"ekit_accordion_active_icon\">\n                                        <!-- Active Icon -->\n\t\t\t\t\t\t\t\t\t\t<i class=\"icons icon-arrow-up\"><\/i>                                    <\/div>\n                                <\/div>\n\n                            \n                                                    <\/a>\n                    <\/div>\n\n                    <div id=\"Collapse-b74f43b69fb0dab1cd5a\" class=\" show collapse\" aria-labelledby=\"primaryHeading-6-0bfccc8\" data-parent=\"#accordion-69fb0dab1cd5a\">\n\n                        <div class=\"elementskit-card-body ekit-accordion--content\">\n                            Sim. Para inclus\u00e3o de paternidade a porcentagem \u00e9 de 99,99% de acerto e para exclus\u00e3o a porcentagem \u00e9 de 100%.                        <\/div>\n\n                    <\/div>\n\n                <\/div><!-- .elementskit-card END -->\n\n                                        <\/div>\n    <\/div>\t\t\t\t<\/div>\n\t\t\t\t<\/div>\n\t\t\t\t\t<\/div>\n\t\t\t\t<\/div>\n\t\t\t\t<\/div>\n\t\t","protected":false},"excerpt":{"rendered":"<p>Teste de Paternidade: Teste de DNA O Teste de Paternidade \u00e9 o meio mais seguro quando se deseja confirma\u00e7\u00e3o de uma paternidade e\/ou maternidade duvidosa. O teste baseia-se na compara\u00e7\u00e3o do DNA nas regi\u00f5es chamadas polim\u00f3rficas, que entre pais e filhos encontram-se semelhan\u00e7as. WhatsApp Tem idade certa para realizar? Para realizar o exame n\u00e3o existe [&hellip;]<\/p>\n","protected":false},"author":1,"featured_media":0,"parent":0,"menu_order":0,"comment_status":"closed","ping_status":"closed","template":"","meta":{"footnotes":""},"class_list":["post-904","page","type-page","status-publish","hentry"],"_links":{"self":[{"href":"https:\/\/diagnosticospasteur.com.br\/index.php?rest_route=\/wp\/v2\/pages\/904","targetHints":{"allow":["GET"]}}],"collection":[{"href":"https:\/\/diagnosticospasteur.com.br\/index.php?rest_route=\/wp\/v2\/pages"}],"about":[{"href":"https:\/\/diagnosticospasteur.com.br\/index.php?rest_route=\/wp\/v2\/types\/page"}],"author":[{"embeddable":true,"href":"https:\/\/diagnosticospasteur.com.br\/index.php?rest_route=\/wp\/v2\/users\/1"}],"replies":[{"embeddable":true,"href":"https:\/\/diagnosticospasteur.com.br\/index.php?rest_route=%2Fwp%2Fv2%2Fcomments&post=904"}],"version-history":[{"count":0,"href":"https:\/\/diagnosticospasteur.com.br\/index.php?rest_route=\/wp\/v2\/pages\/904\/revisions"}],"wp:attachment":[{"href":"https:\/\/diagnosticospasteur.com.br\/index.php?rest_route=%2Fwp%2Fv2%2Fmedia&parent=904"}],"curies":[{"name":"wp","href":"https:\/\/api.w.org\/{rel}","templated":true}]}}