{"id":663,"date":"2025-06-17T15:47:49","date_gmt":"2025-06-17T15:47:49","guid":{"rendered":"https:\/\/diagnosticospasteur.com.br\/?page_id=663"},"modified":"2025-06-18T19:59:57","modified_gmt":"2025-06-18T19:59:57","slug":"institucional","status":"publish","type":"page","link":"https:\/\/diagnosticospasteur.com.br\/?page_id=663","title":{"rendered":"Quem somos"},"content":{"rendered":"\t\t<div data-elementor-type=\"wp-page\" data-elementor-id=\"663\" class=\"elementor elementor-663\" data-elementor-settings=\"{&quot;ha_cmc_init_switcher&quot;:&quot;no&quot;}\" data-elementor-post-type=\"page\">\n\t\t\t\t<div class=\"elementor-element elementor-element-5db5d3da e-flex e-con-boxed e-con e-parent\" data-id=\"5db5d3da\" data-element_type=\"container\" data-e-type=\"container\" data-settings=\"{&quot;background_background&quot;:&quot;classic&quot;,&quot;_ha_eqh_enable&quot;:false}\">\n\t\t\t\t\t<div class=\"e-con-inner\">\n\t\t<div class=\"elementor-element elementor-element-3d6bb788 e-con-full e-flex e-con e-child\" data-id=\"3d6bb788\" data-element_type=\"container\" data-e-type=\"container\" data-settings=\"{&quot;_ha_eqh_enable&quot;:false}\">\n\t\t\t\t<div class=\"elementor-element elementor-element-37d0d127 elementor-invisible elementor-widget elementor-widget-heading\" data-id=\"37d0d127\" data-element_type=\"widget\" data-e-type=\"widget\" data-settings=\"{&quot;_animation&quot;:&quot;fadeInUp&quot;,&quot;_animation_delay&quot;:200}\" data-widget_type=\"heading.default\">\n\t\t\t\t<div class=\"elementor-widget-container\">\n\t\t\t\t\t<h1 class=\"elementor-heading-title elementor-size-default\">Quem somos:<\/h1>\t\t\t\t<\/div>\n\t\t\t\t<\/div>\n\t\t\t\t<\/div>\n\t\t\t\t\t<\/div>\n\t\t\t\t<\/div>\n\t\t<div class=\"elementor-element elementor-element-49af166b e-flex e-con-boxed e-con e-parent\" data-id=\"49af166b\" data-element_type=\"container\" data-e-type=\"container\" data-settings=\"{&quot;background_background&quot;:&quot;classic&quot;,&quot;_ha_eqh_enable&quot;:false}\">\n\t\t\t\t\t<div class=\"e-con-inner\">\n\t\t<div class=\"elementor-element elementor-element-7f3b78b4 e-con-full e-flex e-con e-child\" data-id=\"7f3b78b4\" data-element_type=\"container\" data-e-type=\"container\" data-settings=\"{&quot;_ha_eqh_enable&quot;:false}\">\n\t\t\t\t<div class=\"elementor-element elementor-element-78fd6c6d elementor-invisible elementor-widget elementor-widget-image\" data-id=\"78fd6c6d\" data-element_type=\"widget\" data-e-type=\"widget\" data-settings=\"{&quot;_animation&quot;:&quot;fadeInLeft&quot;,&quot;_animation_delay&quot;:200}\" data-widget_type=\"image.default\">\n\t\t\t\t<div class=\"elementor-widget-container\">\n\t\t\t\t\t\t\t\t\t\t\t\t\t\t\t<img fetchpriority=\"high\" decoding=\"async\" width=\"1000\" height=\"797\" src=\"https:\/\/diagnosticospasteur.com.br\/wp-content\/uploads\/2025\/06\/AnyConv.com__visualizar.webp\" class=\"attachment-full size-full wp-image-680\" alt=\"\" srcset=\"https:\/\/diagnosticospasteur.com.br\/wp-content\/uploads\/2025\/06\/AnyConv.com__visualizar.webp 1000w, https:\/\/diagnosticospasteur.com.br\/wp-content\/uploads\/2025\/06\/AnyConv.com__visualizar-300x239.webp 300w, https:\/\/diagnosticospasteur.com.br\/wp-content\/uploads\/2025\/06\/AnyConv.com__visualizar-768x612.webp 768w\" sizes=\"(max-width: 1000px) 100vw, 1000px\" \/>\t\t\t\t\t\t\t\t\t\t\t\t\t\t\t<\/div>\n\t\t\t\t<\/div>\n\t\t\t\t<div class=\"elementor-element elementor-element-7bea782 elementor-widget__width-initial elementor-absolute elementor-invisible elementor-widget elementor-widget-image\" data-id=\"7bea782\" data-element_type=\"widget\" data-e-type=\"widget\" data-settings=\"{&quot;_position&quot;:&quot;absolute&quot;,&quot;_animation&quot;:&quot;fadeInUp&quot;}\" data-widget_type=\"image.default\">\n\t\t\t\t<div class=\"elementor-widget-container\">\n\t\t\t\t\t\t\t\t\t\t\t\t\t\t\t<img decoding=\"async\" width=\"800\" height=\"575\" src=\"https:\/\/diagnosticospasteur.com.br\/wp-content\/uploads\/2025\/06\/AnyConv.com__420sd.webp\" class=\"attachment-full size-full wp-image-281\" alt=\"\" srcset=\"https:\/\/diagnosticospasteur.com.br\/wp-content\/uploads\/2025\/06\/AnyConv.com__420sd.webp 800w, https:\/\/diagnosticospasteur.com.br\/wp-content\/uploads\/2025\/06\/AnyConv.com__420sd-300x216.webp 300w, https:\/\/diagnosticospasteur.com.br\/wp-content\/uploads\/2025\/06\/AnyConv.com__420sd-768x552.webp 768w\" sizes=\"(max-width: 800px) 100vw, 800px\" \/>\t\t\t\t\t\t\t\t\t\t\t\t\t\t\t<\/div>\n\t\t\t\t<\/div>\n\t\t\t\t<\/div>\n\t\t<div class=\"elementor-element elementor-element-57b52515 e-con-full e-flex elementor-invisible e-con e-child\" data-id=\"57b52515\" data-element_type=\"container\" data-e-type=\"container\" data-settings=\"{&quot;animation&quot;:&quot;fadeInRight&quot;,&quot;_ha_eqh_enable&quot;:false}\">\n\t\t\t\t<div class=\"elementor-element elementor-element-7b9d7991 elementor-widget elementor-widget-heading\" data-id=\"7b9d7991\" data-element_type=\"widget\" data-e-type=\"widget\" data-widget_type=\"heading.default\">\n\t\t\t\t<div class=\"elementor-widget-container\">\n\t\t\t\t\t<h2 class=\"elementor-heading-title elementor-size-default\">Somos um laborat\u00f3rio de an\u00e1lises cl\u00ednicas em S\u00e3o Paulo<\/h2>\t\t\t\t<\/div>\n\t\t\t\t<\/div>\n\t\t\t\t<div class=\"elementor-element elementor-element-2e56b542 elementor-widget elementor-widget-heading\" data-id=\"2e56b542\" data-element_type=\"widget\" data-e-type=\"widget\" data-widget_type=\"heading.default\">\n\t\t\t\t<div class=\"elementor-widget-container\">\n\t\t\t\t\t<div class=\"elementor-heading-title elementor-size-default\">Com <b>10 anos<\/b> de atua\u00e7\u00e3o no mercado. <b>Desde 2015<\/b>, oferecemos exames laboratoriais acess\u00edveis, com foco em atendimento humanizado, tecnologia de ponta e resultados r\u00e1pidos.<\/div>\t\t\t\t<\/div>\n\t\t\t\t<\/div>\n\t\t\t\t<div class=\"elementor-element elementor-element-9ab4201 elementor-widget elementor-widget-heading\" data-id=\"9ab4201\" data-element_type=\"widget\" data-e-type=\"widget\" data-widget_type=\"heading.default\">\n\t\t\t\t<div class=\"elementor-widget-container\">\n\t\t\t\t\t<div class=\"elementor-heading-title elementor-size-default\"><b>H\u00e1 10 anos, somos uma empresa que nunca deixou de evoluir<\/b>, buscando sempre as melhores praticas do setor. Com ideias inovadoras e muita vontade de fazer diferente, investimos nas melhores tecnologias, nos melhores profissionais e em uma estrutura de atendimento para o crescimento conti\u0301nuo. <\/div>\t\t\t\t<\/div>\n\t\t\t\t<\/div>\n\t\t\t\t<div class=\"elementor-element elementor-element-51ecfa7 elementor-widget elementor-widget-heading\" data-id=\"51ecfa7\" data-element_type=\"widget\" data-e-type=\"widget\" data-widget_type=\"heading.default\">\n\t\t\t\t<div class=\"elementor-widget-container\">\n\t\t\t\t\t<div class=\"elementor-heading-title elementor-size-default\">Nosso desejo \u00e9 seguir evoluindo a cada ano, mudando constantemente, sempre em busca do novo para sempre proporcionar a melhor entrega, o melhor atendimento, tecnologia de ponta, logi\u0301stica avanc\u0327ada e resultados ra\u0301pidos e precisos. <\/div>\t\t\t\t<\/div>\n\t\t\t\t<\/div>\n\t\t<div class=\"elementor-element elementor-element-7096abae e-grid e-con-full e-con e-child\" data-id=\"7096abae\" data-element_type=\"container\" data-e-type=\"container\" data-settings=\"{&quot;_ha_eqh_enable&quot;:false}\">\n\t\t\t\t<div class=\"elementor-element elementor-element-1f40e82a elementor-mobile-align-justify elementor-widget-mobile__width-initial elementor-align-justify elementor-widget__width-initial elementor-widget elementor-widget-button\" data-id=\"1f40e82a\" data-element_type=\"widget\" data-e-type=\"widget\" data-widget_type=\"button.default\">\n\t\t\t\t<div class=\"elementor-widget-container\">\n\t\t\t\t\t\t\t\t\t<div class=\"elementor-button-wrapper\">\n\t\t\t\t\t<a class=\"elementor-button elementor-button-link elementor-size-sm\" href=\"https:\/\/wa.me\/5511920634046?text=Ol%C3%A1%2C%20gostaria%20de%20mais%20informa%C3%A7%C3%B5es.\">\n\t\t\t\t\t\t<span class=\"elementor-button-content-wrapper\">\n\t\t\t\t\t\t<span class=\"elementor-button-icon\">\n\t\t\t\t<svg aria-hidden=\"true\" class=\"e-font-icon-svg e-fab-whatsapp\" viewBox=\"0 0 448 512\" xmlns=\"http:\/\/www.w3.org\/2000\/svg\"><path d=\"M380.9 97.1C339 55.1 283.2 32 223.9 32c-122.4 0-222 99.6-222 222 0 39.1 10.2 77.3 29.6 111L0 480l117.7-30.9c32.4 17.7 68.9 27 106.1 27h.1c122.3 0 224.1-99.6 224.1-222 0-59.3-25.2-115-67.1-157zm-157 341.6c-33.2 0-65.7-8.9-94-25.7l-6.7-4-69.8 18.3L72 359.2l-4.4-7c-18.5-29.4-28.2-63.3-28.2-98.2 0-101.7 82.8-184.5 184.6-184.5 49.3 0 95.6 19.2 130.4 54.1 34.8 34.9 56.2 81.2 56.1 130.5 0 101.8-84.9 184.6-186.6 184.6zm101.2-138.2c-5.5-2.8-32.8-16.2-37.9-18-5.1-1.9-8.8-2.8-12.5 2.8-3.7 5.6-14.3 18-17.6 21.8-3.2 3.7-6.5 4.2-12 1.4-32.6-16.3-54-29.1-75.5-66-5.7-9.8 5.7-9.1 16.3-30.3 1.8-3.7.9-6.9-.5-9.7-1.4-2.8-12.5-30.1-17.1-41.2-4.5-10.8-9.1-9.3-12.5-9.5-3.2-.2-6.9-.2-10.6-.2-3.7 0-9.7 1.4-14.8 6.9-5.1 5.6-19.4 19-19.4 46.3 0 27.3 19.9 53.7 22.6 57.4 2.8 3.7 39.1 59.7 94.8 83.8 35.2 15.2 49 16.5 66.6 13.9 10.7-1.6 32.8-13.4 37.4-26.4 4.6-13 4.6-24.1 3.2-26.4-1.3-2.5-5-3.9-10.5-6.6z\"><\/path><\/svg>\t\t\t<\/span>\n\t\t\t\t\t\t\t\t\t<span class=\"elementor-button-text\">WhatsApp<\/span>\n\t\t\t\t\t<\/span>\n\t\t\t\t\t<\/a>\n\t\t\t\t<\/div>\n\t\t\t\t\t\t\t\t<\/div>\n\t\t\t\t<\/div>\n\t\t\t\t<\/div>\n\t\t\t\t<\/div>\n\t\t\t\t\t<\/div>\n\t\t\t\t<\/div>\n\t\t\t\t<\/div>\n\t\t","protected":false},"excerpt":{"rendered":"<p>Quem somos: Somos um laborat\u00f3rio de an\u00e1lises cl\u00ednicas em S\u00e3o Paulo Com 10 anos de atua\u00e7\u00e3o no mercado. Desde 2015, oferecemos exames laboratoriais acess\u00edveis, com foco em atendimento humanizado, tecnologia de ponta e resultados r\u00e1pidos. H\u00e1 10 anos, somos uma empresa que nunca deixou de evoluir, buscando sempre as melhores praticas do setor. Com ideias [&hellip;]<\/p>\n","protected":false},"author":1,"featured_media":0,"parent":0,"menu_order":0,"comment_status":"closed","ping_status":"closed","template":"","meta":{"footnotes":""},"class_list":["post-663","page","type-page","status-publish","hentry"],"_links":{"self":[{"href":"https:\/\/diagnosticospasteur.com.br\/index.php?rest_route=\/wp\/v2\/pages\/663","targetHints":{"allow":["GET"]}}],"collection":[{"href":"https:\/\/diagnosticospasteur.com.br\/index.php?rest_route=\/wp\/v2\/pages"}],"about":[{"href":"https:\/\/diagnosticospasteur.com.br\/index.php?rest_route=\/wp\/v2\/types\/page"}],"author":[{"embeddable":true,"href":"https:\/\/diagnosticospasteur.com.br\/index.php?rest_route=\/wp\/v2\/users\/1"}],"replies":[{"embeddable":true,"href":"https:\/\/diagnosticospasteur.com.br\/index.php?rest_route=%2Fwp%2Fv2%2Fcomments&post=663"}],"version-history":[{"count":0,"href":"https:\/\/diagnosticospasteur.com.br\/index.php?rest_route=\/wp\/v2\/pages\/663\/revisions"}],"wp:attachment":[{"href":"https:\/\/diagnosticospasteur.com.br\/index.php?rest_route=%2Fwp%2Fv2%2Fmedia&parent=663"}],"curies":[{"name":"wp","href":"https:\/\/api.w.org\/{rel}","templated":true}]}}